{"id":11,"date":"2014-10-21T18:02:06","date_gmt":"2014-10-21T18:02:06","guid":{"rendered":"http:\/\/fedemba.org.ar\/web\/?page_id=11"},"modified":"2021-09-21T15:39:42","modified_gmt":"2021-09-21T18:39:42","slug":"principios","status":"publish","type":"page","link":"https:\/\/fedemba.org.ar\/web\/sobre-fedemba\/principios\/","title":{"rendered":"Principios"},"content":{"rendered":"<h2><strong><a href=\"http:\/\/fedemba.org.ar\/web\/wp-content\/uploads\/2014\/10\/logo-chico.fedemba.jpg\"><img decoding=\"async\" loading=\"lazy\" class=\"alignleft size-full wp-image-4\" src=\"http:\/\/fedemba.org.ar\/web\/wp-content\/uploads\/2014\/10\/logo-chico.fedemba.jpg\" alt=\"logo-chico.fedemba\" width=\"200\" height=\"66\" \/><\/a><\/strong><\/h2>\n<h2><\/h2>\n<h2><\/h2>\n<h2><strong>Principios esenciales para continuar con el desarrollo de FEDEMBA<\/strong><\/h2>\n<p><em>Estamos acercando algunas l\u00edneas de nuestro programa institucional y al mismo tiempo convocando a mutuales que valoren la integridad y la eficacia mutualista por sobre todas las cosas.<\/em><\/p>\n<p><strong><em>FEDEMBA<\/em><\/strong><em> agrupa instituciones que desarrollan la actividad mutualista en la Ciudad Aut\u00f3noma y en la Provincia de Buenos Aires, abarcando una gran cantidad de asociados, guardando un gran potencial de proyecci\u00f3n a futuro de poder lograr el acercamiento de innumerables mutuales que no est\u00e1n federadas por desconocimiento o por falta de visi\u00f3n del Movimiento. <\/em><\/p>\n<p><em>\u00a0<\/em><em>Quienes integramos Fedemba creemos que el factor m\u00e1s necesario en estos tiempos de expansi\u00f3n de la econom\u00eda solidaria, es el de contar con l\u00edderes y dirigentes responsables, que posean altos valores \u00e9ticos y que con su accionar contribuyan a lograr un mutualismo sustentable, que genere servicios de calidad para reducir la inequidad, la injusticia social y avanzar hacia un desarrollo humano sostenible.<\/em><\/p>\n<p><em>\u00a0<\/em><em>Para poder cumplir con este mandato solidario debemos unirnos m\u00e1s que nunca, construyendo una s\u00f3lida red de instituciones mutuales en la Federaci\u00f3n que nos ayude a crecer como mutuales miembros y como entidad colegiada.<\/em><\/p>\n<p><em><strong>Por eso continuamos trabajando en la construcci\u00f3n de una Federaci\u00f3n:<\/strong><\/em><\/p>\n<ol>\n<li><em> Que sienta y viva a la \u00e9tica como uno de los valores de mayor jerarqu\u00eda.<\/em><\/li>\n<li><em> Que privilegie la construcci\u00f3n de v\u00ednculos sanos entre sus miembros.<\/em><\/li>\n<li><em> Que privilegie la confiabilidad como un valor alto en nuestra construcci\u00f3n.<\/em><\/li>\n<li><em> Que busque integrarse al \u00f3rgano de promoci\u00f3n y contralor (INAES) y a otros <\/em><em>organismos del Estado.<\/em><\/li>\n<li><em> Que se integre a la Confederaci\u00f3n Nacional de Mutualidades de la Rep\u00fablica Argentina (CONAM) para tener mayor representaci\u00f3n institucional en defensa de los intereses mutualistas.<\/em><\/li>\n<li><em> Que impulse la integraci\u00f3n con otras organizaciones de la econom\u00eda solidaria.<\/em><\/li>\n<li><em> Que mejore nuestra visi\u00f3n de un mutualismo nacional.<\/em><\/li>\n<li><em> Que obtenga grandes oportunidades de crecimiento para el desarrollo de nuestras mutuales.<\/em><\/li>\n<li><em> Que vincule a nuestras mutuales con entidades de segundo y tercer grado. <\/em><\/li>\n<li><em> Que posea modelos de mutuales avanzados como referencia y como aliados.<\/em><\/li>\n<li><em> Que logre transformarnos en mutuales de mayor sustentabilidad y calidad.<\/em><\/li>\n<li><em> Que construya un mutualismo vigoroso, representativo y referente para la gran tarea que nos aguarda y que es la de contribuir a mejorar el desarrollo humano y la protecci\u00f3n social de tantos hermanos argentinos.<\/em><\/li>\n<li><em> Que privilegie tener su asiento propio, por eso hemos podido acceder a nuestra primera sede compartida con la CONAM, lugar de encuentro pol\u00edtico institucional, desarrollo vincular y de impulso dirigencial.<\/em><\/li>\n<li><em> Que podamos continuar con el camino ya iniciado de:<\/em><\/li>\n<li><em> Avanzar con m\u00e1s campa\u00f1as de adhesi\u00f3n de nuevas mutuales a Fedemba para su fortalecimiento.<\/em><\/li>\n<li><em> Desarrollar nuevos programas de capacitaci\u00f3n para dirigentes y empleados de las mutuales adheridas, de acuerdo a las demandas generadas por sus entidades miembros.<\/em><\/li>\n<li><em> Establecer una comunicaci\u00f3n fluida con los dirigentes (visitas a sus Instituciones, boletines informativos, correo electr\u00f3nico, p\u00e1gina web, etc).<\/em><\/li>\n<li><em> Disponer de profesionales para asesoramiento de las mutuales.<\/em><\/li>\n<li><em> Mantener canales de informaci\u00f3n y contacto permanente con los Organismos Gubernamentales vinculados al sector.<\/em><\/li>\n<li><em> Que contin\u00fae interviniendo ante cada problem\u00e1tica que afecte directa o indirectamente los intereses de las mutuales.<\/em><\/li>\n<li><em> Que ayude a elaborar nuevos <\/em><em>servicios en las mutuales federadas, asesorando bajo la experiencia de otras mutuales adheridas o directamente entablando convenios institucionales e intermutuales entre ellas.<\/em><\/li>\n<li><em>Que atienda constantemente consultas e inquietudes, brindando asesor\u00eda contable y\/o legal a sus mutuales federadas, a trav\u00e9s de profesionales altamente capacitados<\/em><\/li>\n<\/ol>\n<p><em>Por estos principios es que convocamos a todas las mutuales a seguir acompa\u00f1\u00e1ndonos en este camino, basado en un trabajo en conjunto, invit\u00e1ndolos a participar de la Federaci\u00f3n, sumando as\u00ed sus propias convicciones, inquietudes y siendo parte activa del accionar conjunto dentro del mutualismo.<\/em><\/p>\n<p><em>El deseo de este Consejo Directivo siempre estar\u00e1 enmarcado en la honestidad, trabajando con la premisa de construir un mutualismo m\u00e1s unificado y fortalecido por el esfuerzo de todos sus componentes.\u00a0\u00a0\u00a0<\/em><\/p>\n<p><img decoding=\"async\" loading=\"lazy\" class=\"wp-image-2469 aligncenter\" src=\"http:\/\/fedemba.org.ar\/web\/wp-content\/uploads\/2021\/09\/FIRMAS-FEDEMBA-HUGO-Y-CLARA.jpg\" alt=\"\" width=\"473\" height=\"155\" srcset=\"https:\/\/fedemba.org.ar\/web\/wp-content\/uploads\/2021\/09\/FIRMAS-FEDEMBA-HUGO-Y-CLARA.jpg 980w, https:\/\/fedemba.org.ar\/web\/wp-content\/uploads\/2021\/09\/FIRMAS-FEDEMBA-HUGO-Y-CLARA-300x98.jpg 300w, https:\/\/fedemba.org.ar\/web\/wp-content\/uploads\/2021\/09\/FIRMAS-FEDEMBA-HUGO-Y-CLARA-768x252.jpg 768w\" sizes=\"(max-width: 473px) 100vw, 473px\" \/><\/p>\n<p><em>\u00a0\u00a0\u00a0\u00a0\u00a0\u00a0\u00a0\u00a0\u00a0\u00a0\u00a0\u00a0\u00a0\u00a0\u00a0\u00a0\u00a0\u00a0\u00a0\u00a0\u00a0\u00a0\u00a0\u00a0\u00a0\u00a0\u00a0\u00a0\u00a0\u00a0\u00a0\u00a0\u00a0<strong>\u00a0\u00a0\u00a0\u00a0\u00a0\u00a0\u00a0\u00a0\u00a0\u00a0\u00a0 <\/strong><\/em><\/p>\n","protected":false},"excerpt":{"rendered":"<p>Principios esenciales para continuar con el desarrollo de FEDEMBA Estamos acercando algunas l\u00edneas de nuestro programa institucional y al mismo tiempo convocando a mutuales que valoren la integridad y la eficacia mutualista por sobre todas las cosas. FEDEMBA agrupa instituciones que desarrollan la actividad mutualista en la Ciudad Aut\u00f3noma y en la Provincia de Buenos [&hellip;]<\/p>\n","protected":false},"author":1,"featured_media":0,"parent":5,"menu_order":0,"comment_status":"open","ping_status":"open","template":"","meta":[],"_links":{"self":[{"href":"https:\/\/fedemba.org.ar\/web\/wp-json\/wp\/v2\/pages\/11"}],"collection":[{"href":"https:\/\/fedemba.org.ar\/web\/wp-json\/wp\/v2\/pages"}],"about":[{"href":"https:\/\/fedemba.org.ar\/web\/wp-json\/wp\/v2\/types\/page"}],"author":[{"embeddable":true,"href":"https:\/\/fedemba.org.ar\/web\/wp-json\/wp\/v2\/users\/1"}],"replies":[{"embeddable":true,"href":"https:\/\/fedemba.org.ar\/web\/wp-json\/wp\/v2\/comments?post=11"}],"version-history":[{"count":4,"href":"https:\/\/fedemba.org.ar\/web\/wp-json\/wp\/v2\/pages\/11\/revisions"}],"predecessor-version":[{"id":2470,"href":"https:\/\/fedemba.org.ar\/web\/wp-json\/wp\/v2\/pages\/11\/revisions\/2470"}],"up":[{"embeddable":true,"href":"https:\/\/fedemba.org.ar\/web\/wp-json\/wp\/v2\/pages\/5"}],"wp:attachment":[{"href":"https:\/\/fedemba.org.ar\/web\/wp-json\/wp\/v2\/media?parent=11"}],"curies":[{"name":"wp","href":"https:\/\/api.w.org\/{rel}","templated":true}]}}