{"id":13,"date":"2014-10-21T18:02:29","date_gmt":"2014-10-21T18:02:29","guid":{"rendered":"http:\/\/fedemba.org.ar\/web\/?page_id=13"},"modified":"2021-09-21T15:42:35","modified_gmt":"2021-09-21T18:42:35","slug":"servicios","status":"publish","type":"page","link":"https:\/\/fedemba.org.ar\/web\/servicios\/","title":{"rendered":"Servicios"},"content":{"rendered":"<p><img decoding=\"async\" loading=\"lazy\" class=\"alignleft wp-image-89 size-medium\" src=\"http:\/\/fedemba.org.ar\/web\/wp-content\/uploads\/2014\/10\/LOGO-FEDEMBA-m\u00e1s-chico-227x300.jpg\" alt=\"LOGO FEDEMBA m\u00e1s chico\" width=\"227\" height=\"300\" \/><\/p>\n<p>La <strong>Federaci\u00f3n de Entidades Mutuales de Buenos Aires<\/strong> naci\u00f3 el 27 de junio de 1985 y, actualmente, el Sr. Hugo H\u00e9ctor Bozzini preside un Consejo Directivo de personas capaces, honestas y con amplia trayectoria dentro del Mutualismo y de distinta experiencia institucional, posibilit\u00e1ndole abordar y cubrir con solvencia, desde los distintos puntos de vista que les da su formaci\u00f3n, los diversos aspectos que requieren las tareas encomendadas.<\/p>\n<p><strong>FEDEMBA<\/strong> agrupa instituciones que desarrollan la actividad mutualista en la Ciudad Aut\u00f3noma y en la Provincia de Buenos Aires, abarcando una gran cantidad de asociados, guardando un gran potencial de proyecci\u00f3n a futuro de poder lograr el acercamiento de innumerables mutuales que no est\u00e1n federadas por desconocimiento o por falta de visi\u00f3n del Movimiento.<\/p>\n<p>Esta Federaci\u00f3n participa activamente en la elaboraci\u00f3n de las pol\u00edticas y acciones que lleva adelante la <strong>CONFEDERACI\u00d3N NACIONAL<\/strong><strong> DE MUTUALIDADES DE LA REP\u00daBLICA ARGENTINA (CONAM)<\/strong>, siendo adem\u00e1s fundadora de la misma, trabajando en conjunto con la premisa de construir un mutualismo genuino y en defensa de las mutuales asociadas.<\/p>\n<p>Asimismo, <strong>FEDEMBA <\/strong>se encuentra adherida a la Organizaci\u00f3n de Entidades Mutuales de las Am\u00e9ricas. Con alcance internacional, ODEMA contin\u00faa creciendo en forma constante desde su nacimiento en el 2005.<\/p>\n<p>&nbsp;<\/p>\n<p>Algunos de los fines, objetivos y servicios que brinda <strong>FEDEMBA<\/strong>, de acuerdo a su Estatuto Social, son:<\/p>\n<p>&nbsp;<\/p>\n<p><strong>a)<\/strong> Representar institucionalmente a todas las mutuales adheridas.<\/p>\n<p><strong>b)<\/strong> Fortalecer y reactivar el movimiento mutual en Buenos Aires, propiciando la integraci\u00f3n efectiva de las Mutuales adheridas entre s\u00ed y a trav\u00e9s de esta entidad.<\/p>\n<p><strong>c)<\/strong> Representar y defender ante las autoridades p\u00fablicas, personas y\/o entes privados los intereses mutuales de la Entidades adheridas.<\/p>\n<p><strong>d)<\/strong> Intervenir en las cuestiones que puedan afectar directa o indirectamente los intereses de las Mutuales.<\/p>\n<p><strong>e)<\/strong> Participar en la celebraci\u00f3n de acuerdos, pactos o convenios entre Mutuales federadas, que tengan por objeto consolidar y fortalecer su situaci\u00f3n econ\u00f3mica y social mediante la integraci\u00f3n de sus esfuerzos y cualquier otro recurso l\u00edcito.<\/p>\n<p><strong>f)<\/strong> Contribuir a la promoci\u00f3n, ampliaci\u00f3n y perfeccionamiento de la legislaci\u00f3n colaborando con el estado como organismo t\u00e9cnico en la materia.<\/p>\n<p>&nbsp;<\/p>\n<p>La <strong>Federaci\u00f3n de Entidades Mutuales de Buenos Aires (FEDEMBA)<\/strong> atiende constantemente consultas e inquietudes, brindando asesor\u00eda contable y\/o legal a sus mutuales federadas desde julio del 2005, a trav\u00e9s de profesionales altamente capacitados.<\/p>\n<p>A trav\u00e9s de <strong>FEDEMBA<\/strong>, diversas entidades concretaron Convenios Intermutuales, los cuales facilitan la posibilidad de que los asociados sean beneficiados con nuevos servicios.<\/p>\n<p>Por todo lo expuesto, este Consejo Directivo invita a que se acerquen y participen de <strong>FEDEMBA<\/strong>, adquiriendo la fuerza necesaria para que se respete el lugar que debe ocupar la Econom\u00eda Social en nuestro pa\u00eds.<\/p>\n<p>Creemos firmemente que el fortalecimiento de las entidades mutuales de nuestra sociedad radica en la uni\u00f3n y el consenso, construyendo un Mutualismo fortalecido por el esfuerzo de todos.<\/p>\n<p><img decoding=\"async\" loading=\"lazy\" class=\"wp-image-2469 aligncenter\" src=\"http:\/\/fedemba.org.ar\/web\/wp-content\/uploads\/2021\/09\/FIRMAS-FEDEMBA-HUGO-Y-CLARA.jpg\" alt=\"\" width=\"475\" height=\"156\" srcset=\"https:\/\/fedemba.org.ar\/web\/wp-content\/uploads\/2021\/09\/FIRMAS-FEDEMBA-HUGO-Y-CLARA.jpg 980w, https:\/\/fedemba.org.ar\/web\/wp-content\/uploads\/2021\/09\/FIRMAS-FEDEMBA-HUGO-Y-CLARA-300x98.jpg 300w, https:\/\/fedemba.org.ar\/web\/wp-content\/uploads\/2021\/09\/FIRMAS-FEDEMBA-HUGO-Y-CLARA-768x252.jpg 768w\" sizes=\"(max-width: 475px) 100vw, 475px\" \/><\/p>\n<p>&nbsp;<\/p>\n","protected":false},"excerpt":{"rendered":"<p>La Federaci\u00f3n de Entidades Mutuales de Buenos Aires naci\u00f3 el 27 de junio de 1985 y, actualmente, el Sr. Hugo H\u00e9ctor Bozzini preside un Consejo Directivo de personas capaces, honestas y con amplia trayectoria dentro del Mutualismo y de distinta experiencia institucional, posibilit\u00e1ndole abordar y cubrir con solvencia, desde los distintos puntos de vista que [&hellip;]<\/p>\n","protected":false},"author":1,"featured_media":0,"parent":0,"menu_order":0,"comment_status":"open","ping_status":"open","template":"","meta":[],"_links":{"self":[{"href":"https:\/\/fedemba.org.ar\/web\/wp-json\/wp\/v2\/pages\/13"}],"collection":[{"href":"https:\/\/fedemba.org.ar\/web\/wp-json\/wp\/v2\/pages"}],"about":[{"href":"https:\/\/fedemba.org.ar\/web\/wp-json\/wp\/v2\/types\/page"}],"author":[{"embeddable":true,"href":"https:\/\/fedemba.org.ar\/web\/wp-json\/wp\/v2\/users\/1"}],"replies":[{"embeddable":true,"href":"https:\/\/fedemba.org.ar\/web\/wp-json\/wp\/v2\/comments?post=13"}],"version-history":[{"count":11,"href":"https:\/\/fedemba.org.ar\/web\/wp-json\/wp\/v2\/pages\/13\/revisions"}],"predecessor-version":[{"id":2471,"href":"https:\/\/fedemba.org.ar\/web\/wp-json\/wp\/v2\/pages\/13\/revisions\/2471"}],"wp:attachment":[{"href":"https:\/\/fedemba.org.ar\/web\/wp-json\/wp\/v2\/media?parent=13"}],"curies":[{"name":"wp","href":"https:\/\/api.w.org\/{rel}","templated":true}]}}