{"id":15,"date":"2014-10-21T18:03:02","date_gmt":"2014-10-21T18:03:02","guid":{"rendered":"http:\/\/fedemba.org.ar\/web\/?page_id=15"},"modified":"2025-11-25T10:54:01","modified_gmt":"2025-11-25T13:54:01","slug":"mutuales","status":"publish","type":"page","link":"https:\/\/fedemba.org.ar\/web\/mutuales\/","title":{"rendered":"MUTUALES"},"content":{"rendered":"<p><a href=\"http:\/\/fedemba.org.ar\/web\/wp-content\/uploads\/2014\/10\/manos-mutualistas.jpg\"><img decoding=\"async\" loading=\"lazy\" class=\"size-full wp-image-103 aligncenter\" src=\"http:\/\/fedemba.org.ar\/web\/wp-content\/uploads\/2014\/10\/manos-mutualistas.jpg\" alt=\"manos mutualistas\" width=\"490\" height=\"344\" srcset=\"https:\/\/fedemba.org.ar\/web\/wp-content\/uploads\/2014\/10\/manos-mutualistas.jpg 490w, https:\/\/fedemba.org.ar\/web\/wp-content\/uploads\/2014\/10\/manos-mutualistas-300x210.jpg 300w\" sizes=\"(max-width: 490px) 100vw, 490px\" \/><\/a><\/p>\n<p>-ASOCIACI\u00d3N MUTUALISTA \u00abLA ARGENTINA\u00bb<\/p>\n<p>Matr\u00edcula INAES N\u00ba 2 C.F.<\/p>\n<p>-MUTUAL SOCIEDAD ARGENTINA DE AUTORES Y COMPOSITORES DE M\u00daSICA (SADAIC)<\/p>\n<p>Matr\u00edcula INAES N\u00ba 68 C.F.<\/p>\n<p>-ASOCIACI\u00d3N DE SOCORROS MUTUOS SAN CRISPIN<\/p>\n<p>Matr\u00edcula INAES N\u00ba 110 C.F.<\/p>\n<p>-ASOCIACI\u00d3N NOTARIAL ARGENTINA<\/p>\n<p>Matr\u00edcula INAES N\u00ba 114 C.F.<\/p>\n<p>-ASOCIACI\u00d3N ESPA\u00d1OLA DE SOCORROS MUTUOS DE BELGRANO<\/p>\n<p>Matr\u00edcula INAES N\u00ba 158 C.F.<\/p>\n<p>-ASOCIACI\u00d3N DE EMPLEADOS DE LA ADMINISTRACI\u00d3N NACIONAL DE ADUANAS DE AYUDA MUTUAL Y PREVISI\u00d3N (AEANA)<\/p>\n<p>Matr\u00edcula INAES N\u00ba 201 C.F.<\/p>\n<p>ASOCIACI\u00d3N DE EMPLEADOS DEL BANCO CIUDAD DE BS.AS.<\/p>\n<p>Matr\u00edcula INAES N\u00ba 299 C.F.<\/p>\n<p>-ASOCIACI\u00d3N MUTUAL DEL PERSONAL DE COMUNICACIONES<\/p>\n<p>Matr\u00edcula INAES N\u00ba 309 C.F.<\/p>\n<p>-C\u00cdRCULO DE OFICIALES DE LA PREFECTURA NAVAL ARGENTINA<\/p>\n<p>Matr\u00edcula INAES N\u00ba 313 C.F.<\/p>\n<p>-ASOCIACI\u00d3N MUTUAL PERSONAL DEL ESTADO NAC. PROV. MUNIC. Y AFINES (AMEPORT)<\/p>\n<p>Matr\u00edcula INAES N\u00ba 353 C.F.<\/p>\n<p>-MUTUAL GAS<\/p>\n<p>Matr\u00edcula INAES N\u00ba 403 C.F.<\/p>\n<p>-MUTUAL DEL PERSONAL DE LA COMISI\u00d3N NACIONAL DE ENERG\u00cdA AT\u00d3MICA<\/p>\n<p>Matr\u00edcula INAES N\u00ba 566 C.F.<\/p>\n<p>-ASOCIACI\u00d3N MUTUAL PERSONAL DEL EX BANCO DE QUILMES<\/p>\n<p>Matr\u00edcula INAES N\u00ba 609 C.F.<\/p>\n<p>-ASOCIACI\u00d3N MUTUAL DEL PERSONAL SUPERIOR DE EMPRESAS DE ENERG\u00cdA<\/p>\n<p>Matr\u00edcula INAES N\u00ba 658 C.F.<\/p>\n<p>-MUTUAL DE M\u00c9DICOS ANESTESI\u00d3LOGOS<\/p>\n<p>Matr\u00edcula INAES N\u00ba 659 C.F.<\/p>\n<p>-MUTUALIDAD DEL FONDO COMPENSADOR PARA JUBILACIONES Y PENSIONES DEL PERSONAL CIVIL DE LA FUERZA A\u00c9REA (FOCOMFA)<\/p>\n<p>Matr\u00edcula INAES N\u00ba 666 C.F.<\/p>\n<p>-MUTUAL DEL PERSONAL DE TELAM<\/p>\n<p>Matr\u00edcula INAES N\u00ba 705 C.F.<\/p>\n<p>-ASOCIACI\u00d3N MUTUAL TELEF\u00d3NICA DE BUENOS AIRES (AMTELBA)<\/p>\n<p>Matr\u00edcula INAES N\u00ba 769 C.F.<\/p>\n<p>-ASOCIACI\u00d3N MUTUAL DEL PERSONAL DEL BANCO SUDAMERIS<\/p>\n<p>Matr\u00edcula INAES N\u00ba 886 C.F.<\/p>\n<p>-ASOCIACI\u00d3N MUTUAL DEL PERSONAL LEGISLATIVO Y DE LA COMUNA DE LA CIUDAD DE BUENOS AIRES (AMUPECO)<\/p>\n<p>Matr\u00edcula INAES N\u00ba 927 C.F.<\/p>\n<p>-LA REC\u00cdPROCA &#8211; ASOCIACI\u00d3N DE AYUDA MUTUA DE EMPLEADOS DEL BANCO DE LA PROVINCIA DE BUENOS AIRES<\/p>\n<p>Matr\u00edcula INAES N\u00ba 1050 C.F.<\/p>\n<p>-MUTUAL UNIVERSITARIA<\/p>\n<p>Matr\u00edcula INAES N\u00ba 1184 B.A.<\/p>\n<p>-ASOCIACI\u00d3N MUTUAL DEL PERSONAL DE \u00abLA NACI\u00d3N\u00bb<\/p>\n<p>Matr\u00edcula INAES N\u00ba 1321 C.F.<\/p>\n<p>-MUTUALIDAD DEL PERSONAL DE CLAR\u00cdN<\/p>\n<p>Matr\u00edcula INAES N\u00ba 1331 C.F.<\/p>\n<p>-MUTUALIDAD PSICOANAL\u00cdTICA ARGENTINA<\/p>\n<p>Matr\u00edcula INAES N\u00ba 1335 C.F.<\/p>\n<p>-ASOCIACI\u00d3N JUDICIAL ARGENTINA (AJA)<\/p>\n<p>Matr\u00edcula INAES N\u00ba 1416 C.F.<\/p>\n<p>-ASOCIACI\u00d3N MUTUAL \u00ab12 DE ENERO\u00bb<\/p>\n<p>Matr\u00edcula INAES N\u00ba 1607 C.F.<\/p>\n<p>-ASOCIACI\u00d3N DE PROPIETARIOS DE AUTOMOTORES DE BENEFICIOS REC\u00cdPROCOS (APROA)<\/p>\n<p>Matr\u00edcula INAES N\u00ba 1636 C.F.<\/p>\n<p>-ASOCIACI\u00d3N MUTUAL DE PROTECCION FAMILIAR (AMPF)<\/p>\n<p>Matr\u00edcula INAES N\u00ba 1856 C.F.<\/p>\n<p>-ASOCIACI\u00d3N MUTUAL DEL PERSONAL DE HALLIBURTON<\/p>\n<p>Matr\u00edcula INAES N\u00ba 1933 C.F.<\/p>\n<p>-MUTUAL DE AGRICULTURA Y GANADER\u00cdA<\/p>\n<p>Matr\u00edcula INAES N\u00ba 1951 C.F.<\/p>\n<p>-ASOCIACI\u00d3N MUTUAL REGISTRO NACIONAL DE LAS PERSONAS<\/p>\n<p>Matr\u00edcula INAES N\u00ba 471 C.F.<\/p>\n<p>-ASOCIACI\u00d3N MUTUAL DEL PERSONAL DE STANDARD BANK<\/p>\n<p>Matr\u00edcula INAES N\u00ba 696 C.F.<\/p>\n<p>-ASOCIACI\u00d3N MUTUAL TRABAJADORES DE CORREOS Y TELECOMUNICACIONES Y AFIC. A SITRACYT BS. AS. \u00abEL CARTERO\u00bb<\/p>\n<p>Matr\u00edcula INAES N\u00ba 597 C.F.<\/p>\n<p>-ASOCIACI\u00d3N MUTUAL DEL PERSONAL DE EMISORAS DE JUEGOS DE AZAR, ENTRETENIMIENTO, ESPARCIMIENTO, RECREACI\u00d3N Y AFINES DE LA REP. ARG. (AMUPEJA)<\/p>\n<p>Matr\u00edcula INAES N\u00ba 1844 C.F.<\/p>\n<p>-MUTUAL L\u00cdDER DE LA PREVISI\u00d3N SOCIAL<\/p>\n<p>Matr\u00edcula INAES N\u00ba 2359 C.F.<\/p>\n<p>-ASOCIACI\u00d3N MUTUAL SAGRADO CORAZ\u00d3N<\/p>\n<p>Matr\u00edcula INAES N\u00ba 2701 B.A.<\/p>\n<p>-ASOCIACI\u00d3N MUTUAL DE EMPRENDIMIENTOS CON BONIFICACI\u00d3N AL\u00cdCUOTA<\/p>\n<p>Matr\u00edcula INAES N\u00ba 2720 B.A.<\/p>\n<p>-ASOCIACI\u00d3N MUTUAL DE LAS FUERZAS ARMADAS Y SEGURIDAD (AMFAYS)<\/p>\n<p>Matr\u00edcula INAES N\u00ba 1894 C.F.<\/p>\n<p>-C\u00cdRCULO DE SUBOFICIALES DE LA PREFECTURA NAVAL ARGENTINA PROTECCI\u00d3N REC\u00cdPROCA<\/p>\n<p>Matr\u00edcula INAES N\u00ba 316 C.F.<\/p>\n<p>-C\u00cdRCULO DE SUBOFICIALES DE LA FUERZA A\u00c9REA ARGENTINA ASOCIACI\u00d3N MUTUAL<\/p>\n<p>Matr\u00edcula INAES N\u00ba 2160 C.F.<\/p>\n<p>-ASOCIACI\u00d3N MUTUAL DEL CENTRO DE COMISARIOS NAVALES<\/p>\n<p>Matr\u00edcula INAES N\u00ba 34 C.F.<\/p>\n<p>-ASOCIACI\u00d3N MUTUAL PERSONAL DE LOS SERVICIOS SOCIALES<\/p>\n<p>Matr\u00edcula INAES N\u00ba 2600 B.A.<\/p>\n<p>-ASOCIACI\u00d3N MUTUAL PARA LA AYUDA REC\u00cdPROCA DE ASOCIADOS REGIONALES (AMPARAR)<\/p>\n<p>Matr\u00edcula INAES N\u00ba 949 B.A.<\/p>\n<p>-ASOCIACI\u00d3N MUTUAL DE TRABAJADORES MUNICIPALES DE MOR\u00d3N<\/p>\n<p>Matr\u00edcula INAES N\u00ba 2032 B.A.<\/p>\n<p>-ASOCIACI\u00d3N MUTUAL PARA EMPLEADOS DE BUENOS AIRES (AMPEBA)<\/p>\n<p>Matr\u00edcula INAES N\u00ba 1913 B.A.<\/p>\n<p>-MUTUALIDAD EMPLEADOS BANCO LLOYDS ARGENTINA (MEBLA)<\/p>\n<p>Matr\u00edcula INAES N\u00ba 305 C.F.<\/p>\n<p>-ASOCIACI\u00d3N DE PROTECCI\u00d3N REC\u00cdPROCA DE AGENTES ADUANEROS Y ADMINISTRADORES TRIBUTARIOS DE LA REP. ARG.<\/p>\n<p>Matr\u00edcula INAES N\u00ba 2208 C.F.<\/p>\n<p>-ASOCIACI\u00d3N MUTUAL CAMPO Y CIUDAD<\/p>\n<p>Matr\u00edcula INAES N\u00ba 2035 B.A.<\/p>\n<p>-ASOCIACI\u00d3N MUTUAL PERSONAL SUPERIOR PREFECTURA NAVAL (AMUPRENA)<\/p>\n<p>Matr\u00edcula INAES N\u00ba 162 C.F.<\/p>\n<p>-ASOCIACI\u00d3N MUTUAL DE MOTOCICLISTAS Y MENSAJEROS ARGENTINOS (AMMMA)<\/p>\n<p>Matr\u00edcula INAES N\u00ba 2769 C.F.<\/p>\n<p>-ASOCIACI\u00d3N MUTUAL DE PROFESIONALES DEL HOSPITAL ITALIANO<\/p>\n<p>Matr\u00edcula INAES N\u00ba 2297 C.F.<\/p>\n<p>-ASOCIACI\u00d3N MUTUAL RESGUARDO AMPARO VEH\u00cdCULAR<\/p>\n<p>Matr\u00edcula INAES N\u00ba 2747 C.F.<\/p>\n<p>-ASOCIACI\u00d3N MUTUAL 30 DE OCTUBRE PARA EMPLEADOS Y OBREROS ESTATALES Y DE LA ADMINISTRACI\u00d3N P\u00daBLICA<\/p>\n<p>Matr\u00edcula INAES N\u00ba 1696 C.F.<\/p>\n<p>-ASOCIACI\u00d3N MUTUAL 08 DE OCTUBRE<\/p>\n<p>Matr\u00edcula INAES N\u00ba 2851 C.F.<\/p>\n<p>-ASOCIACI\u00d3N MUTUAL \u00abEL C\u00d3NDOR\u00bb PARA EL PERSONAL DE SEGURIDAD Y VIGILANCIA<\/p>\n<p>Matr\u00edcula INAES N\u00ba 2797 C.F.<\/p>\n<p>-ASOCIACI\u00d3N MUTUAL \u00abESCARABAJO\u00bb DE EX EMPLEADOS DE VOLKSWAGEN ARGENTINA<\/p>\n<p>Matr\u00edcula INAES N\u00ba 2814 C.F.<\/p>\n<p>-ASOCIACI\u00d3N MUTUAL AMARILLA DE TRABAJADORES (AMAT)<\/p>\n<p>Matr\u00edcula INAES N\u00ba 2486 B.A.<\/p>\n<p>-ASOCIACI\u00d3N MUTUAL DE DEPORTES DE CONTACTO, ARTES MARCIALES Y AFINES DE LA REP\u00daBLICA ARGENTINA (DECAM)<\/p>\n<p>Matr\u00edcula INAES N\u00ba 2914 C.F.<\/p>\n<p>-ASOCIACI\u00d3N MUTUAL DE PROFESIONALES UNIVERSITARIOS, COMERCIANTES E INDUSTRIALES DE LA CIUDAD DE BUENOS AIRES (MUPROFECI)<\/p>\n<p>Matr\u00edcula INAES N\u00ba 2517 C.F.<\/p>\n<p>-ASOCIACI\u00d3N MUTUAL OBREROS, EMPLEADOS DE LA SALUD Y EDUCACI\u00d3N DE LA CIUDAD DE BUENOS AIRES (AMOESYECBA)<\/p>\n<p>Matr\u00edcula INAES N\u00ba 2458\u00a0C.F.<\/p>\n<p>-ASOCIACI\u00d3N MUTUAL FEDERAL DE LOS TRABAJADORES Y EMPLEADOS DE LA ENERG\u00cdA DE LA REP. ARG.<\/p>\n<p>Matr\u00edcula INAES N\u00ba 2881 C.F.<\/p>\n<p>-MUTUAL DEL PERSONAL DE SERVICIOS SANITARIOS DE QUILMES (AMDESS)<\/p>\n<p>Matr\u00edcula INAES N\u00ba 610\u00a0B.A.<\/p>\n<p>-ASOCIACI\u00d3N MUTUAL DE LA ECONOM\u00cdA SOLIDARIA<\/p>\n<p>Matr\u00edcula INAES N\u00ba 2205 C.F.<\/p>\n<p>-ASOCIACI\u00d3N MUTUAL DE MUJERES DE CAPITAL FEDERAL<\/p>\n<p>Matr\u00edcula INAES N\u00ba 1897 C.F.<\/p>\n<p>-ASOCIACI\u00d3N ESPA\u00d1OLA DE SOCORROS MUTUOS<\/p>\n<p>Matr\u00edcula INAES N\u00ba 354 B.A.<\/p>\n<p>-MUTUALIDAD ARQUITECTURA<\/p>\n<p>Matr\u00edcula INAES N\u00ba\u00a0 147 C.F.<\/p>\n<p>-SOCIEDAD TIPOGR\u00c1FICA BONAERENSE DE SOCORROS MUTUOS<\/p>\n<p>Matr\u00edcula INAES N\u00ba 9 C.F.<\/p>\n<p>-SOCIEDAD ITALIANA DE SOCORROS MUTUOS DE MERCEDES<\/p>\n<p>Matr\u00edcula INAES N\u00ba 356 B.A.<\/p>\n<p>-MUTUALIDAD FONDO COMPENSADOR PERSONAL CIVIL DEL EJ\u00c9RCITO (FOCOMEJ)<\/p>\n<p>Matr\u00edcula INAES N\u00ba 356 C.F.<\/p>\n<p>-ASOCIACI\u00d3N MUTUAL Y SOCIAL DE LA ENERG\u00cdA<\/p>\n<p>Matr\u00edcula INAES N\u00ba 871 C.F.<\/p>\n<p>-ASOCIACI\u00d3N MUTUAL DE SUBOFICIALES DE ARSENALES DEL EJ\u00c9RCITO<\/p>\n<p>Matr\u00edcula INAES N\u00ba 1.589 B.A.<\/p>\n<p>-CASA DEL TEATRO DE PROTECCI\u00d3N REC\u00cdPROCA<\/p>\n<p>Matr\u00edcula INAES N\u00ba 37 C.F.<\/p>\n<p>-ASOCIACI\u00d3N MUTUAL 24 DE OCTUBRE COBERTURA TOTAL<\/p>\n<p>Matr\u00edcula INAES N\u00ba 2.739 C.F.<\/p>\n<p>-ASOCIACI\u00d3N MUTUAL DE TRABAJADORES SOLIDARIOS \u00abCOMPARTIR\u00bb<\/p>\n<p>Matr\u00edcula INAES N\u00ba 2.527 C.F.<\/p>\n<p>-ASOCIACI\u00d3N MUTUAL DEL PERSONAL DE SALUD P\u00daBLICA Y OTROS ORGANISMOS MUNICIPALES<\/p>\n<p>Matr\u00edcula INAES N\u00ba 337 C.F.<\/p>\n<p>-ASOCIACI\u00d3N DE SOCORROS MUTUOS CASA BALEAR<\/p>\n<p>Matr\u00edcula INAES N\u00ba 113 C.F.<\/p>\n<p>-ASOCIACI\u00d3N MUTUAL DE BARMEN Y AFINES DE LA REP\u00daBLICA ARGENTINA<\/p>\n<p>Matr\u00edcula INAES\u00a0 N\u00b0 248 B.A.<\/p>\n<p>-ASOCIACI\u00d3N MUTUAL DE TRABAJADORES DE LA INDUSTRIA MOLINERA ARGENTINA<\/p>\n<p>Matr\u00edcula INAES N\u00b0 624 C.F.<\/p>\n<p>-MUTUAL DE LA OBRA SOCIAL DEL PERSONAL DE DIRECCION DE PERFUMERIA E. W. HOPE<\/p>\n<p>Matr\u00edcula INAES N<\/p>\n<p><a href=\"http:\/\/fedemba.org.ar\/web\/wp-content\/uploads\/2014\/10\/manos-mutualistas.jpg\"><img decoding=\"async\" loading=\"lazy\" class=\"size-full wp-image-103 aligncenter\" src=\"http:\/\/fedemba.org.ar\/web\/wp-content\/uploads\/2014\/10\/manos-mutualistas.jpg\" alt=\"manos mutualistas\" width=\"490\" height=\"344\" srcset=\"https:\/\/fedemba.org.ar\/web\/wp-content\/uploads\/2014\/10\/manos-mutualistas.jpg 490w, https:\/\/fedemba.org.ar\/web\/wp-content\/uploads\/2014\/10\/manos-mutualistas-300x210.jpg 300w\" sizes=\"(max-width: 490px) 100vw, 490px\" \/><\/a><\/p>\n<p>-ASOCIACI\u00d3N MUTUALISTA \u00abLA ARGENTINA\u00bb<\/p>\n<p>Matr\u00edcula INAES N\u00ba 2 C.F.<\/p>\n<p>-MUTUAL SOCIEDAD ARGENTINA DE AUTORES Y COMPOSITORES DE M\u00daSICA (SADAIC)<\/p>\n<p>Matr\u00edcula INAES N\u00ba 68 C.F.<\/p>\n<p>-ASOCIACI\u00d3N DE SOCORROS MUTUOS SAN CRISPIN<\/p>\n<p>Matr\u00edcula INAES N\u00ba 110 C.F.<\/p>\n<p>-ASOCIACI\u00d3N NOTARIAL ARGENTINA<\/p>\n<p>Matr\u00edcula INAES N\u00ba 114 C.F.<\/p>\n<p>-ASOCIACI\u00d3N ESPA\u00d1OLA DE SOCORROS MUTUOS DE BELGRANO<\/p>\n<p>Matr\u00edcula INAES N\u00ba 158 C.F.<\/p>\n<p>-ASOCIACI\u00d3N DE EMPLEADOS DE LA ADMINISTRACI\u00d3N NACIONAL DE ADUANAS DE AYUDA MUTUAL Y PREVISI\u00d3N (AEANA)<\/p>\n<p>Matr\u00edcula INAES N\u00ba 201 C.F.<\/p>\n<p>ASOCIACI\u00d3N DE EMPLEADOS DEL BANCO CIUDAD DE BS.AS.<\/p>\n<p>Matr\u00edcula INAES N\u00ba 299 C.F.<\/p>\n<p>-ASOCIACI\u00d3N MUTUAL DEL PERSONAL DE COMUNICACIONES<\/p>\n<p>Matr\u00edcula INAES N\u00ba 309 C.F.<\/p>\n<p>-C\u00cdRCULO DE OFICIALES DE LA PREFECTURA NAVAL ARGENTINA<\/p>\n<p>Matr\u00edcula INAES N\u00ba 313 C.F.<\/p>\n<p>-ASOCIACI\u00d3N MUTUAL PERSONAL DEL ESTADO NAC. PROV. MUNIC. Y AFINES (AMEPORT)<\/p>\n<p>Matr\u00edcula INAES N\u00ba 353 C.F.<\/p>\n<p>-MUTUAL GAS<\/p>\n<p>Matr\u00edcula INAES N\u00ba 403 C.F.<\/p>\n<p>-MUTUAL DEL PERSONAL DE LA COMISI\u00d3N NACIONAL DE ENERG\u00cdA AT\u00d3MICA<\/p>\n<p>Matr\u00edcula INAES N\u00ba 566 C.F.<\/p>\n<p>-ASOCIACI\u00d3N MUTUAL PERSONAL DEL EX BANCO DE QUILMES<\/p>\n<p>Matr\u00edcula INAES N\u00ba 609 C.F.<\/p>\n<p>-ASOCIACI\u00d3N MUTUAL DEL PERSONAL SUPERIOR DE EMPRESAS DE ENERG\u00cdA<\/p>\n<p>Matr\u00edcula INAES N\u00ba 658 C.F.<\/p>\n<p>-MUTUAL DE M\u00c9DICOS ANESTESI\u00d3LOGOS<\/p>\n<p>Matr\u00edcula INAES N\u00ba 659 C.F.<\/p>\n<p>-MUTUALIDAD DEL FONDO COMPENSADOR PARA JUBILACIONES Y PENSIONES DEL PERSONAL CIVIL DE LA FUERZA A\u00c9REA (FOCOMFA)<\/p>\n<p>Matr\u00edcula INAES N\u00ba 666 C.F.<\/p>\n<p>-MUTUAL DEL PERSONAL DE TELAM<\/p>\n<p>Matr\u00edcula INAES N\u00ba 705 C.F.<\/p>\n<p>-ASOCIACI\u00d3N MUTUAL TELEF\u00d3NICA DE BUENOS AIRES (AMTELBA)<\/p>\n<p>Matr\u00edcula INAES N\u00ba 769 C.F.<\/p>\n<p>-ASOCIACI\u00d3N MUTUAL DEL PERSONAL DEL BANCO SUDAMERIS<\/p>\n<p>Matr\u00edcula INAES N\u00ba 886 C.F.<\/p>\n<p>-ASOCIACI\u00d3N MUTUAL DEL PERSONAL LEGISLATIVO Y DE LA COMUNA DE LA CIUDAD DE BUENOS AIRES (AMUPECO)<\/p>\n<p>Matr\u00edcula INAES N\u00ba 927 C.F.<\/p>\n<p>-LA REC\u00cdPROCA &#8211; ASOCIACI\u00d3N DE AYUDA MUTUA DE EMPLEADOS DEL BANCO DE LA PROVINCIA DE BUENOS AIRES<\/p>\n<p>Matr\u00edcula INAES N\u00ba 1050 C.F.<\/p>\n<p>-MUTUAL UNIVERSITARIA<\/p>\n<p>Matr\u00edcula INAES N\u00ba 1184 B.A.<\/p>\n<p>-ASOCIACI\u00d3N MUTUAL DEL PERSONAL DE \u00abLA NACI\u00d3N\u00bb<\/p>\n<p>Matr\u00edcula INAES N\u00ba 1321 C.F.<\/p>\n<p>-MUTUALIDAD DEL PERSONAL DE CLAR\u00cdN<\/p>\n<p>Matr\u00edcula INAES N\u00ba 1331 C.F.<\/p>\n<p>-MUTUALIDAD PSICOANAL\u00cdTICA ARGENTINA<\/p>\n<p>Matr\u00edcula INAES N\u00ba 1335 C.F.<\/p>\n<p>-ASOCIACI\u00d3N JUDICIAL ARGENTINA (AJA)<\/p>\n<p>Matr\u00edcula INAES N\u00ba 1416 C.F.<\/p>\n<p>-ASOCIACI\u00d3N MUTUAL \u00ab12 DE ENERO\u00bb<\/p>\n<p>Matr\u00edcula INAES N\u00ba 1607 C.F.<\/p>\n<p>-ASOCIACI\u00d3N DE PROPIETARIOS DE AUTOMOTORES DE BENEFICIOS REC\u00cdPROCOS (APROA)<\/p>\n<p>Matr\u00edcula INAES N\u00ba 1636 C.F.<\/p>\n<p>-ASOCIACI\u00d3N MUTUAL DE PROTECCION FAMILIAR (AMPF)<\/p>\n<p>Matr\u00edcula INAES N\u00ba 1856 C.F.<\/p>\n<p>-ASOCIACI\u00d3N MUTUAL DEL PERSONAL DE HALLIBURTON<\/p>\n<p>Matr\u00edcula INAES N\u00ba 1933 C.F.<\/p>\n<p>-MUTUAL DE AGRICULTURA Y GANADER\u00cdA<\/p>\n<p>Matr\u00edcula INAES N\u00ba 1951 C.F.<\/p>\n<p>-ASOCIACI\u00d3N MUTUAL REGISTRO NACIONAL DE LAS PERSONAS<\/p>\n<p>Matr\u00edcula INAES N\u00ba 471 C.F.<\/p>\n<p>-ASOCIACI\u00d3N MUTUAL DEL PERSONAL DE STANDARD BANK<\/p>\n<p>Matr\u00edcula INAES N\u00ba 696 C.F.<\/p>\n<p>-ASOCIACI\u00d3N MUTUAL TRABAJADORES DE CORREOS Y TELECOMUNICACIONES Y AFIC. A SITRACYT BS. AS. \u00abEL CARTERO\u00bb<\/p>\n<p>Matr\u00edcula INAES N\u00ba 597 C.F.<\/p>\n<p>-ASOCIACI\u00d3N MUTUAL DEL PERSONAL DE EMISORAS DE JUEGOS DE AZAR, ENTRETENIMIENTO, ESPARCIMIENTO, RECREACI\u00d3N Y AFINES DE LA REP. ARG. (AMUPEJA)<\/p>\n<p>Matr\u00edcula INAES N\u00ba 1844 C.F.<\/p>\n<p>-MUTUAL L\u00cdDER DE LA PREVISI\u00d3N SOCIAL<\/p>\n<p>Matr\u00edcula INAES N\u00ba 2359 C.F.<\/p>\n<p>-ASOCIACI\u00d3N MUTUAL SAGRADO CORAZ\u00d3N<\/p>\n<p>Matr\u00edcula INAES N\u00ba 2701 B.A.<\/p>\n<p>-ASOCIACI\u00d3N MUTUAL DE EMPRENDIMIENTOS CON BONIFICACI\u00d3N AL\u00cdCUOTA<\/p>\n<p>Matr\u00edcula INAES N\u00ba 2720 B.A.<\/p>\n<p>-ASOCIACI\u00d3N MUTUAL DE LAS FUERZAS ARMADAS Y SEGURIDAD (AMFAYS)<\/p>\n<p>Matr\u00edcula INAES N\u00ba 1894 C.F.<\/p>\n<p>-C\u00cdRCULO DE SUBOFICIALES DE LA PREFECTURA NAVAL ARGENTINA PROTECCI\u00d3N REC\u00cdPROCA<\/p>\n<p>Matr\u00edcula INAES N\u00ba 316 C.F.<\/p>\n<p>-C\u00cdRCULO DE SUBOFICIALES DE LA FUERZA A\u00c9REA ARGENTINA ASOCIACI\u00d3N MUTUAL<\/p>\n<p>Matr\u00edcula INAES N\u00ba 2160 C.F.<\/p>\n<p>-ASOCIACI\u00d3N MUTUAL DEL CENTRO DE COMISARIOS NAVALES<\/p>\n<p>Matr\u00edcula INAES N\u00ba 34 C.F.<\/p>\n<p>-ASOCIACI\u00d3N MUTUAL PERSONAL DE LOS SERVICIOS SOCIALES<\/p>\n<p>Matr\u00edcula INAES N\u00ba 2600 B.A.<\/p>\n<p>-ASOCIACI\u00d3N MUTUAL PARA LA AYUDA REC\u00cdPROCA DE ASOCIADOS REGIONALES (AMPARAR)<\/p>\n<p>Matr\u00edcula INAES N\u00ba 949 B.A.<\/p>\n<p>-ASOCIACI\u00d3N MUTUAL DE TRABAJADORES MUNICIPALES DE MOR\u00d3N<\/p>\n<p>Matr\u00edcula INAES N\u00ba 2032 B.A.<\/p>\n<p>-ASOCIACI\u00d3N MUTUAL PARA EMPLEADOS DE BUENOS AIRES (AMPEBA)<\/p>\n<p>Matr\u00edcula INAES N\u00ba 1913 B.A.<\/p>\n<p>-MUTUALIDAD EMPLEADOS BANCO LLOYDS ARGENTINA (MEBLA)<\/p>\n<p>Matr\u00edcula INAES N\u00ba 305 C.F.<\/p>\n<p>-ASOCIACI\u00d3N DE PROTECCI\u00d3N REC\u00cdPROCA DE AGENTES ADUANEROS Y ADMINISTRADORES TRIBUTARIOS DE LA REP. ARG.<\/p>\n<p>Matr\u00edcula INAES N\u00ba 2208 C.F.<\/p>\n<p>-ASOCIACI\u00d3N MUTUAL CAMPO Y CIUDAD<\/p>\n<p>Matr\u00edcula INAES N\u00ba 2035 B.A.<\/p>\n<p>-ASOCIACI\u00d3N MUTUAL PERSONAL SUPERIOR PREFECTURA NAVAL (AMUPRENA)<\/p>\n<p>Matr\u00edcula INAES N\u00ba 162 C.F.<\/p>\n<p>-ASOCIACI\u00d3N MUTUAL DE MOTOCICLISTAS Y MENSAJEROS ARGENTINOS (AMMMA)<\/p>\n<p>Matr\u00edcula INAES N\u00ba 2769 C.F.<\/p>\n<p>-ASOCIACI\u00d3N MUTUAL DE PROFESIONALES DEL HOSPITAL ITALIANO<\/p>\n<p>Matr\u00edcula INAES N\u00ba 2297 C.F.<\/p>\n<p>-ASOCIACI\u00d3N MUTUAL RESGUARDO AMPARO VEH\u00cdCULAR<\/p>\n<p>Matr\u00edcula INAES N\u00ba 2747 C.F.<\/p>\n<p>-ASOCIACI\u00d3N MUTUAL 30 DE OCTUBRE PARA EMPLEADOS Y OBREROS ESTATALES Y DE LA ADMINISTRACI\u00d3N P\u00daBLICA<\/p>\n<p>Matr\u00edcula INAES N\u00ba 1696 C.F.<\/p>\n<p>-ASOCIACI\u00d3N MUTUAL 08 DE OCTUBRE<\/p>\n<p>Matr\u00edcula INAES N\u00ba 2851 C.F.<\/p>\n<p>-ASOCIACI\u00d3N MUTUAL \u00abEL C\u00d3NDOR\u00bb PARA EL PERSONAL DE SEGURIDAD Y VIGILANCIA<\/p>\n<p>Matr\u00edcula INAES N\u00ba 2797 C.F.<\/p>\n<p>-ASOCIACI\u00d3N MUTUAL \u00abESCARABAJO\u00bb DE EX EMPLEADOS DE VOLKSWAGEN ARGENTINA<\/p>\n<p>Matr\u00edcula INAES N\u00ba 2814 C.F.<\/p>\n<p>-ASOCIACI\u00d3N MUTUAL AMARILLA DE TRABAJADORES (AMAT)<\/p>\n<p>Matr\u00edcula INAES N\u00ba 2486 B.A.<\/p>\n<p>-ASOCIACI\u00d3N MUTUAL DE DEPORTES DE CONTACTO, ARTES MARCIALES Y AFINES DE LA REP\u00daBLICA ARGENTINA (DECAM)<\/p>\n<p>Matr\u00edcula INAES N\u00ba 2914 C.F.<\/p>\n<p>-ASOCIACI\u00d3N MUTUAL DE PROFESIONALES UNIVERSITARIOS, COMERCIANTES E INDUSTRIALES DE LA CIUDAD DE BUENOS AIRES (MUPROFECI)<\/p>\n<p>Matr\u00edcula INAES N\u00ba 2517 C.F.<\/p>\n<p>-ASOCIACI\u00d3N MUTUAL OBREROS, EMPLEADOS DE LA SALUD Y EDUCACI\u00d3N DE LA CIUDAD DE BUENOS AIRES (AMOESYECBA)<\/p>\n<p>Matr\u00edcula INAES N\u00ba 2458\u00a0C.F.<\/p>\n<p>-ASOCIACI\u00d3N MUTUAL FEDERAL DE LOS TRABAJADORES Y EMPLEADOS DE LA ENERG\u00cdA DE LA REP. ARG.<\/p>\n<p>Matr\u00edcula INAES N\u00ba 2881 C.F.<\/p>\n<p>-MUTUAL DEL PERSONAL DE SERVICIOS SANITARIOS DE QUILMES (AMDESS)<\/p>\n<p>Matr\u00edcula INAES N\u00ba 610\u00a0B.A.<\/p>\n<p>-ASOCIACI\u00d3N MUTUAL DE LA ECONOM\u00cdA SOLIDARIA<\/p>\n<p>Matr\u00edcula INAES N\u00ba 2205 C.F.<\/p>\n<p>-ASOCIACI\u00d3N MUTUAL DE MUJERES DE CAPITAL FEDERAL<\/p>\n<p>Matr\u00edcula INAES N\u00ba 1897 C.F.<\/p>\n<p>-ASOCIACI\u00d3N ESPA\u00d1OLA DE SOCORROS MUTUOS<\/p>\n<p>Matr\u00edcula INAES N\u00ba 354 B.A.<\/p>\n<p>-MUTUALIDAD ARQUITECTURA<\/p>\n<p>Matr\u00edcula INAES N\u00ba\u00a0 147 C.F.<\/p>\n<p>-SOCIEDAD TIPOGR\u00c1FICA BONAERENSE DE SOCORROS MUTUOS<\/p>\n<p>Matr\u00edcula INAES N\u00ba 9 C.F.<\/p>\n<p>-SOCIEDAD ITALIANA DE SOCORROS MUTUOS DE MERCEDES<\/p>\n<p>Matr\u00edcula INAES N\u00ba 356 B.A.<\/p>\n<p>-MUTUALIDAD FONDO COMPENSADOR PERSONAL CIVIL DEL EJ\u00c9RCITO (FOCOMEJ)<\/p>\n<p>Matr\u00edcula INAES N\u00ba 356 C.F.<\/p>\n<p>-ASOCIACI\u00d3N MUTUAL Y SOCIAL DE LA ENERG\u00cdA<\/p>\n<p>Matr\u00edcula INAES N\u00ba 871 C.F.<\/p>\n<p>-ASOCIACI\u00d3N MUTUAL DE SUBOFICIALES DE ARSENALES DEL EJ\u00c9RCITO<\/p>\n<p>Matr\u00edcula INAES N\u00ba 1.589 B.A.<\/p>\n<p>-CASA DEL TEATRO DE PROTECCI\u00d3N REC\u00cdPROCA<\/p>\n<p>Matr\u00edcula INAES N\u00ba 37 C.F.<\/p>\n<p>-ASOCIACI\u00d3N MUTUAL 24 DE OCTUBRE COBERTURA TOTAL<\/p>\n<p>Matr\u00edcula INAES N\u00ba 2.739 C.F.<\/p>\n<p>-ASOCIACI\u00d3N MUTUAL DE TRABAJADORES SOLIDARIOS \u00abCOMPARTIR\u00bb<\/p>\n<p>Matr\u00edcula INAES N\u00ba 2.527 C.F.<\/p>\n<p>-ASOCIACI\u00d3N MUTUAL DEL PERSONAL DE SALUD P\u00daBLICA Y OTROS ORGANISMOS MUNICIPALES<\/p>\n<p>Matr\u00edcula INAES N\u00ba 337 C.F.<\/p>\n<p>-ASOCIACI\u00d3N DE SOCORROS MUTUOS CASA BALEAR<\/p>\n<p>Matr\u00edcula INAES N\u00ba 113 C.F.<\/p>\n<p>-ASOCIACI\u00d3N MUTUAL DE BARMEN Y AFINES DE LA REP\u00daBLICA ARGENTINA<\/p>\n<p>Matr\u00edcula INAES\u00a0 N\u00b0 248 B.A.<\/p>\n<p>-ASOCIACI\u00d3N MUTUAL DE TRABAJADORES DE LA INDUSTRIA MOLINERA ARGENTINA<\/p>\n<p>Matr\u00edcula INAES N\u00b0 624 C.F.<\/p>\n<p>-MUTUAL DE LA OBRA SOCIAL DEL PERSONAL DE DIRECCION DE PERFUMERIA E. W. HOPE<\/p>\n<p>Matr\u00edcula INAES N\u00b0 2927 C.F.<\/p>\n<p>&#8211;<span lang=\"ES-TRAD\">ASOCIACI\u00d3N MUTUAL DE EMPLEADOS, <\/span><span lang=\"ES-TRAD\">DIRECTIVOS Y TRABAJADORES INDEPENDIENTES (AMED)<\/span><\/p>\n<p>Matr\u00edcula INAES N\u00b0 2829 C.F.<\/p>\n<p>-ASOCIACI\u00d3N MUTUAL 13 DE ENERO<\/p>\n<p>Matr\u00edcula INAES N\u00b0 2151 C.F.<\/p>\n","protected":false},"excerpt":{"rendered":"<p>-ASOCIACI\u00d3N MUTUALISTA \u00abLA ARGENTINA\u00bb Matr\u00edcula INAES N\u00ba 2 C.F. -MUTUAL SOCIEDAD ARGENTINA DE AUTORES Y COMPOSITORES DE M\u00daSICA (SADAIC) Matr\u00edcula INAES N\u00ba 68 C.F. -ASOCIACI\u00d3N DE SOCORROS MUTUOS SAN CRISPIN Matr\u00edcula INAES N\u00ba 110 C.F. -ASOCIACI\u00d3N NOTARIAL ARGENTINA Matr\u00edcula INAES N\u00ba 114 C.F. -ASOCIACI\u00d3N ESPA\u00d1OLA DE SOCORROS MUTUOS DE BELGRANO Matr\u00edcula INAES N\u00ba 158 C.F. [&hellip;]<\/p>\n","protected":false},"author":1,"featured_media":0,"parent":0,"menu_order":0,"comment_status":"open","ping_status":"open","template":"","meta":[],"_links":{"self":[{"href":"https:\/\/fedemba.org.ar\/web\/wp-json\/wp\/v2\/pages\/15"}],"collection":[{"href":"https:\/\/fedemba.org.ar\/web\/wp-json\/wp\/v2\/pages"}],"about":[{"href":"https:\/\/fedemba.org.ar\/web\/wp-json\/wp\/v2\/types\/page"}],"author":[{"embeddable":true,"href":"https:\/\/fedemba.org.ar\/web\/wp-json\/wp\/v2\/users\/1"}],"replies":[{"embeddable":true,"href":"https:\/\/fedemba.org.ar\/web\/wp-json\/wp\/v2\/comments?post=15"}],"version-history":[{"count":36,"href":"https:\/\/fedemba.org.ar\/web\/wp-json\/wp\/v2\/pages\/15\/revisions"}],"predecessor-version":[{"id":3384,"href":"https:\/\/fedemba.org.ar\/web\/wp-json\/wp\/v2\/pages\/15\/revisions\/3384"}],"wp:attachment":[{"href":"https:\/\/fedemba.org.ar\/web\/wp-json\/wp\/v2\/media?parent=15"}],"curies":[{"name":"wp","href":"https:\/\/api.w.org\/{rel}","templated":true}]}}