{"id":17,"date":"2014-10-21T18:03:47","date_gmt":"2014-10-21T18:03:47","guid":{"rendered":"http:\/\/fedemba.org.ar\/web\/?page_id=17"},"modified":"2021-08-03T11:48:10","modified_gmt":"2021-08-03T14:48:10","slug":"links","status":"publish","type":"page","link":"https:\/\/fedemba.org.ar\/web\/links\/","title":{"rendered":"Links"},"content":{"rendered":"<p><a href=\"http:\/\/fedemba.org.ar\/web\/wp-content\/uploads\/2014\/10\/logo-Conam-2.jpg\"><img decoding=\"async\" loading=\"lazy\" class=\"alignleft wp-image-143\" src=\"http:\/\/fedemba.org.ar\/web\/wp-content\/uploads\/2014\/10\/logo-Conam-2-300x212.jpg\" alt=\"logo Conam 2\" width=\"386\" height=\"273\" srcset=\"https:\/\/fedemba.org.ar\/web\/wp-content\/uploads\/2014\/10\/logo-Conam-2-300x212.jpg 300w, https:\/\/fedemba.org.ar\/web\/wp-content\/uploads\/2014\/10\/logo-Conam-2-1024x723.jpg 1024w\" sizes=\"(max-width: 386px) 100vw, 386px\" \/><\/a><\/p>\n<p>&nbsp;<\/p>\n<p>&nbsp;<\/p>\n<p>&nbsp;<\/p>\n<p>&nbsp;<\/p>\n<p>&nbsp;<\/p>\n<p>&nbsp;<\/p>\n<p>&nbsp;<\/p>\n<p>&nbsp;<\/p>\n<p><strong>CONFEDERACI\u00d3N NACIONAL DE MUTUALIDADES DE LA REP\u00daBLICA ARGENTINA (CONAM)<\/strong><\/p>\n<p>Humberto 1\u00ba 986 ( \/ Tel: (54) 11 4800-2268 Capital Federal\u00a0 (\/ Mail: <a title=\"info@conam.org.ar\" href=\"mailto:info@conam.org.ar\">info@conam.org.ar<\/a><\/p>\n<p>WEB: <a title=\"www.conam.org.ar\" href=\"http:\/\/www.conam.org.ar\">www.conam.org.ar<\/a><\/p>\n<p>REDES: <a href=\"https:\/\/www.facebook.com\/ConamMutualismo\/\">www.facebook.com\/ConamMutualismo<\/a><\/p>\n<p><a href=\"https:\/\/twitter.com\/ConamMutual\">www.twitter.com\/ConamMutual<\/a><\/p>\n<p>&nbsp;<\/p>\n<p>&nbsp;<\/p>\n<p><img decoding=\"async\" loading=\"lazy\" class=\"alignleft size-full wp-image-84\" src=\"http:\/\/fedemba.org.ar\/web\/wp-content\/uploads\/2014\/10\/logo_odema.jpg\" alt=\"logo_odema\" width=\"265\" height=\"126\" \/><\/p>\n<p>&nbsp;<\/p>\n<p>&nbsp;<\/p>\n<p>&nbsp;<\/p>\n<p>&nbsp;<\/p>\n<p><strong>ORGANIZACI\u00d3N DE ENTIDADES MUTUALES DE LAS AM\u00c9RICAS (ODEMA)<\/strong><\/p>\n<p>Tte. Gral Per\u00f3n 1379\/83(C1038ABA)Tel: + 54 11 4371 8339 Buenos Aires, Argentina\u00a0 (\/ Mail: <a href=\"mailto:info@odema.org\" target=\"_blank\" rel=\"noopener\">info@odema.org<\/a><\/p>\n<p>WEB:<a href=\"http:\/\/www.odema.org\/\">http:\/\/www.odema.org\/<\/a><\/p>\n<p>REDES: <a href=\"https:\/\/www.facebook.com\/odemainternacional\/\">www.facebook.com\/odemainternacional<\/a><\/p>\n<p><strong><a href=\"http:\/\/fedemba.org.ar\/web\/wp-content\/uploads\/2014\/10\/LOGO-INAES.jpg\"><img decoding=\"async\" loading=\"lazy\" class=\"alignleft size-medium wp-image-86\" src=\"http:\/\/fedemba.org.ar\/web\/wp-content\/uploads\/2014\/10\/LOGO-INAES-300x200.jpg\" alt=\"LOGO INAES\" width=\"300\" height=\"200\" srcset=\"https:\/\/fedemba.org.ar\/web\/wp-content\/uploads\/2014\/10\/LOGO-INAES-300x200.jpg 300w, https:\/\/fedemba.org.ar\/web\/wp-content\/uploads\/2014\/10\/LOGO-INAES.jpg 600w\" sizes=\"(max-width: 300px) 100vw, 300px\" \/><\/a><\/strong><\/p>\n<p>&nbsp;<\/p>\n<p>&nbsp;<\/p>\n<p>&nbsp;<\/p>\n<p>&nbsp;<\/p>\n<p>&nbsp;<\/p>\n<p>&nbsp;<\/p>\n<p>&nbsp;<\/p>\n<p><strong>INSTITUTO NACIONAL DE ASOCIATIVISMO Y ECONOM\u00cdA SOCIAL (INAES)<br \/>\n<\/strong>Av.Belgrano 1656 CP(C1093AAR) | Tel.:(54)11 4124-9300<\/p>\n<p>WEB: <a href=\"http:\/\/www.inaes.gob.ar\/\">http:\/\/www.inaes.gob.ar\/es\/<\/a><\/p>\n<p>REDES: <a href=\"https:\/\/www.facebook.com\/INAESarg\/\">www.facebook.com\/INAESarg<\/a><\/p>\n<p><a href=\"https:\/\/twitter.com\/INAESarg\">www.twitter.com\/INAESarg<\/a><\/p>\n<p>&nbsp;<\/p>\n","protected":false},"excerpt":{"rendered":"<p>&nbsp; &nbsp; &nbsp; &nbsp; &nbsp; &nbsp; &nbsp; &nbsp; CONFEDERACI\u00d3N NACIONAL DE MUTUALIDADES DE LA REP\u00daBLICA ARGENTINA (CONAM) Humberto 1\u00ba 986 ( \/ Tel: (54) 11 4800-2268 Capital Federal\u00a0 (\/ Mail: info@conam.org.ar WEB: www.conam.org.ar REDES: www.facebook.com\/ConamMutualismo www.twitter.com\/ConamMutual &nbsp; &nbsp; &nbsp; &nbsp; &nbsp; &nbsp; ORGANIZACI\u00d3N DE ENTIDADES MUTUALES DE LAS AM\u00c9RICAS (ODEMA) Tte. Gral Per\u00f3n 1379\/83(C1038ABA)Tel: + [&hellip;]<\/p>\n","protected":false},"author":1,"featured_media":0,"parent":0,"menu_order":0,"comment_status":"open","ping_status":"open","template":"","meta":[],"_links":{"self":[{"href":"https:\/\/fedemba.org.ar\/web\/wp-json\/wp\/v2\/pages\/17"}],"collection":[{"href":"https:\/\/fedemba.org.ar\/web\/wp-json\/wp\/v2\/pages"}],"about":[{"href":"https:\/\/fedemba.org.ar\/web\/wp-json\/wp\/v2\/types\/page"}],"author":[{"embeddable":true,"href":"https:\/\/fedemba.org.ar\/web\/wp-json\/wp\/v2\/users\/1"}],"replies":[{"embeddable":true,"href":"https:\/\/fedemba.org.ar\/web\/wp-json\/wp\/v2\/comments?post=17"}],"version-history":[{"count":15,"href":"https:\/\/fedemba.org.ar\/web\/wp-json\/wp\/v2\/pages\/17\/revisions"}],"predecessor-version":[{"id":2441,"href":"https:\/\/fedemba.org.ar\/web\/wp-json\/wp\/v2\/pages\/17\/revisions\/2441"}],"wp:attachment":[{"href":"https:\/\/fedemba.org.ar\/web\/wp-json\/wp\/v2\/media?parent=17"}],"curies":[{"name":"wp","href":"https:\/\/api.w.org\/{rel}","templated":true}]}}