{"id":7,"date":"2014-10-21T18:01:22","date_gmt":"2014-10-21T18:01:22","guid":{"rendered":"http:\/\/fedemba.org.ar\/web\/?page_id=7"},"modified":"2022-12-02T16:05:20","modified_gmt":"2022-12-02T19:05:20","slug":"autoridades","status":"publish","type":"page","link":"https:\/\/fedemba.org.ar\/web\/sobre-fedemba\/autoridades\/","title":{"rendered":"Autoridades"},"content":{"rendered":"<p><img decoding=\"async\" loading=\"lazy\" class=\"size-large wp-image-2754 aligncenter\" src=\"http:\/\/fedemba.org.ar\/web\/wp-content\/uploads\/2022\/12\/ASAMBLEA-DE-FEDEMBA-2022-67-1.jpg\" alt=\"\" width=\"1000\" height=\"546\" srcset=\"https:\/\/fedemba.org.ar\/web\/wp-content\/uploads\/2022\/12\/ASAMBLEA-DE-FEDEMBA-2022-67-1.jpg 1000w, https:\/\/fedemba.org.ar\/web\/wp-content\/uploads\/2022\/12\/ASAMBLEA-DE-FEDEMBA-2022-67-1-300x164.jpg 300w, https:\/\/fedemba.org.ar\/web\/wp-content\/uploads\/2022\/12\/ASAMBLEA-DE-FEDEMBA-2022-67-1-768x419.jpg 768w\" sizes=\"(max-width: 1000px) 100vw, 1000px\" \/><\/p>\n<p><strong><u>CONSEJO DIRECTIVO<\/u><\/strong><\/p>\n<p class=\"yiv2326275137ydpd06d0373MsoNormal\"><b><span lang=\"ES-TRAD\">PRESIDENTE:<\/span><\/b><span lang=\"ES-TRAD\">\u00a0<strong>HUGO H\u00c9CTOR BOZZINI<\/strong><\/span><\/p>\n<p class=\"yiv2326275137ydpd06d0373MsoNormal\"><span lang=\"ES-TRAD\">Asociaci\u00f3n Mutual de Protecci\u00f3n Familiar.<\/span><\/p>\n<p class=\"yiv2326275137ydpd06d0373MsoNormal\"><span lang=\"ES-TRAD\">\u00a0<\/span><\/p>\n<p class=\"yiv2326275137ydpd06d0373MsoNormal\"><b><span lang=\"ES-TRAD\">VICEPRESIDENTE:<\/span><\/b><span lang=\"ES-TRAD\">\u00a0<strong>RICARDO OSVALDO LORENZO<\/strong><\/span><\/p>\n<p class=\"yiv2326275137ydpd06d0373MsoNormal\">AMEPORT &#8211;\u00a0Mutual del Personal del Estado Nacional,\u00a0Provincial,\u00a0Municipal y Afines.<\/p>\n<p class=\"yiv2326275137ydpd06d0373MsoNormal\"><span lang=\"ES-TRAD\">\u00a0<\/span><\/p>\n<p class=\"yiv2326275137ydpd06d0373MsoNormal\"><b><span lang=\"ES-TRAD\">SECRETARIA:<\/span><\/b><span lang=\"ES-TRAD\">\u00a0<strong>CLARA AVALOS<\/strong><\/span><\/p>\n<p class=\"yiv2326275137ydpd06d0373MsoNormal\"><span lang=\"ES-TRAD\">FOCOMFA &#8211;\u00a0<\/span>Mutualidad\u00a0del Fondo Compensador para Jubilaciones y Pensiones del Personal Civil de la Fuerza A\u00e9rea.<\/p>\n<p class=\"yiv2326275137ydpd06d0373MsoNormal\"><span lang=\"ES-TRAD\">\u00a0<\/span><\/p>\n<p class=\"yiv2326275137ydpd06d0373MsoNormal\"><b><span lang=\"ES-TRAD\">PROSECRETARIO:\u00a0<\/span><\/b><span lang=\"ES-TRAD\"><strong>GUILLERMO FERNANDO POTENZA<\/strong><b><\/b><\/span><\/p>\n<p class=\"yiv2326275137ydpd06d0373MsoNormal\"><span lang=\"ES-TRAD\">Asociaci\u00f3n de Empleados de la Administraci\u00f3n Nacional de Aduanas, de Ayuda Mutual y Previsi\u00f3n.<\/span><\/p>\n<p class=\"yiv2326275137ydpd06d0373MsoNormal\"><span lang=\"ES-TRAD\">\u00a0<\/span><\/p>\n<p class=\"yiv2326275137ydpd06d0373MsoNormal\"><b><span lang=\"ES-TRAD\">TESORERO:\u00a0<\/span><\/b><span lang=\"ES-TRAD\"><strong>GUILLERMO PALACIOS<\/strong><b><\/b><\/span><\/p>\n<p class=\"yiv2326275137ydpd06d0373MsoNormal\"><span lang=\"ES-TRAD\">Mutual Gas.<\/span><\/p>\n<p class=\"yiv2326275137ydpd06d0373MsoNormal\"><span lang=\"ES-TRAD\">\u00a0<\/span><\/p>\n<p class=\"yiv2326275137ydpd06d0373MsoNormal\"><b><span lang=\"ES-TRAD\">PROTESORERO:<\/span><\/b><span lang=\"ES-TRAD\">\u00a0<strong>RAM\u00d3N AN\u00cdBAL OSCAR TOVANI<\/strong><\/span><\/p>\n<p class=\"yiv2326275137ydpd06d0373MsoNormal\"><span lang=\"ES-TRAD\">Asociaci\u00f3n Mutual 12 de Enero\u00a0<\/span>Trabajadores\u00a0Pasteleros,\u00a0Confiteros, Pizzeros, Heladeros, Alfajoreros y Servicios R\u00e1pidos.<\/p>\n<p class=\"yiv2326275137ydpd06d0373MsoNormal\"><span lang=\"ES-TRAD\">\u00a0<\/span><\/p>\n<p class=\"yiv2326275137ydpd06d0373MsoNormal\"><b><span lang=\"ES-TRAD\">SECRETARIO DE ACTAS:<\/span><\/b><span lang=\"ES-TRAD\">\u00a0<strong>N\u00c9STOR ROBERTO LANARO<\/strong><\/span><\/p>\n<p class=\"yiv2326275137ydpd06d0373MsoNormal\"><span lang=\"ES-TRAD\">Asociaci\u00f3n Mutual de Protecci\u00f3n Familiar.<\/span><\/p>\n<p class=\"yiv2326275137ydpd06d0373MsoNormal\"><span lang=\"ES-TRAD\">\u00a0<\/span><\/p>\n<p class=\"yiv2326275137ydpd06d0373MsoNormal\"><b><span lang=\"ES-TRAD\">SECRETARIA DE PROMOCI\u00d3N Y RELACIONES INSTITUCIONALES:<\/span><\/b><span lang=\"ES-TRAD\">\u00a0<strong>ROSA BEATRIZ RODR\u00cdGUEZ<\/strong><\/span><\/p>\n<p class=\"yiv2326275137ydpd06d0373MsoNormal\"><span lang=\"ES-TRAD\">FOCOMFA &#8211;\u00a0<\/span>Mutualidad\u00a0del Fondo Compensador para Jubilaciones y Pensiones del Personal Civil de la Fuerza A\u00e9rea.<\/p>\n<p class=\"yiv2326275137ydpd06d0373MsoNormal\"><span lang=\"ES-TRAD\">\u00a0<\/span><\/p>\n<p class=\"yiv2326275137ydpd06d0373MsoNormal\"><b><span lang=\"ES-TRAD\">SECRETARIO DE PRENSA:<\/span><\/b><span lang=\"ES-TRAD\">\u00a0<strong>MANUEL BALEA REINO<\/strong><\/span><\/p>\n<p class=\"yiv2326275137ydpd06d0373MsoNormal\"><span lang=\"ES-TRAD\">Mutualidad del Personal de Clar\u00edn.<\/span><\/p>\n<p>&nbsp;<\/p>\n<p class=\"yiv2326275137ydpd06d0373MsoNormal\"><b><u><span lang=\"ES-TRAD\">VOCALES TITULARES<\/span><\/u><\/b><\/p>\n<p class=\"yiv2326275137ydpd06d0373MsoNormal\"><b><span lang=\"ES-TRAD\">1\u00ba<\/span><\/b><span lang=\"ES-TRAD\">\u00a0<strong>DARIO MARTINEZ CORTI<\/strong><\/span><\/p>\n<p class=\"yiv2326275137ydpd06d0373MsoNormal\"><span lang=\"ES-TRAD\">Asociaci\u00f3n Mutual del Personal de Comunicaciones.<b><\/b><\/span><\/p>\n<p class=\"yiv2326275137ydpd06d0373MsoNormal\"><b><span lang=\"ES-TRAD\">2\u00ba<\/span><\/b><span lang=\"ES-TRAD\">\u00a0<strong>SILVIA ELSA P\u00c9REZ VUIDEPOT<\/strong><\/span><\/p>\n<p class=\"yiv2326275137ydpd06d0373MsoNormal\"><span lang=\"ES-TRAD\">Mutual Universitaria.<\/span><\/p>\n<p class=\"yiv2326275137ydpd06d0373MsoNormal\"><b><span lang=\"ES-TRAD\">3\u00ba<\/span><\/b><strong><span lang=\"ES-TRAD\">\u00a0ARMANDO DIEGO AMARILLA<\/span><\/strong><\/p>\n<p class=\"yiv2326275137ydpd06d0373MsoNormal\"><span lang=\"ES-TRAD\">C\u00edrculo de Suboficiales de la Prefectura Naval Argentina Protecci\u00f3n Rec\u00edproca.<\/span><\/p>\n<p class=\"yiv2326275137ydpd06d0373MsoNormal\"><b><span lang=\"ES-TRAD\">4\u00ba<\/span><\/b><span lang=\"ES-TRAD\">\u00a0<strong>PEDRO DAMI\u00c1N ABREG\u00da<\/strong><\/span><\/p>\n<p class=\"yiv2326275137ydpd06d0373MsoNormal\"><span lang=\"ES-TRAD\">Asociaci\u00f3n Judicial Argentina.<\/span><\/p>\n<p class=\"yiv2326275137ydpd06d0373MsoNormal\"><span lang=\"ES-TRAD\">\u00a0<\/span><\/p>\n<p class=\"yiv2326275137ydpd06d0373MsoNormal\"><b><u><span lang=\"ES-TRAD\">VOCALES SUPLENTES<\/span><\/u><\/b><\/p>\n<p class=\"yiv2326275137ydpd06d0373MsoNormal\"><b><span lang=\"ES-TRAD\">1\u00ba<\/span><\/b><strong><span lang=\"ES-TRAD\">\u00a0GUILLERMO GABRIEL QUEVEDO<\/span><\/strong><\/p>\n<p class=\"yiv2326275137ydpd06d0373MsoNormal\"><span lang=\"ES-TRAD\">C\u00edrculo de Suboficiales de la Fuerza A\u00e9rea Argentina Asociaci\u00f3n Mutual.<\/span><\/p>\n<p class=\"yiv2326275137ydpd06d0373MsoNormal\"><b><span lang=\"ES\">2\u00ba<\/span><\/b><span lang=\"ES\">\u00a0<\/span><strong><span lang=\"ES-TRAD\">ALBERTO RICARDO LUPO<\/span><\/strong><\/p>\n<p class=\"yiv2326275137ydpd06d0373MsoNormal\"><span lang=\"ES-TRAD\">FOCOMEJ \u2013 Mutualidad Fondo Compensador Personal Civil del Ej\u00e9rcito.<\/span><\/p>\n<p class=\"yiv2326275137ydpd06d0373MsoNormal\"><b><span lang=\"ES-TRAD\">3\u00ba<\/span><\/b><span lang=\"ES-TRAD\">\u00a0<strong>NORBERTO GABRIEL TSUJOY<\/strong><\/span><\/p>\n<p class=\"yiv2326275137ydpd06d0373MsoNormal\"><span lang=\"ES-TRAD\">Asociaci\u00f3n Mutual de Protecci\u00f3n Familiar.<\/span><\/p>\n<p class=\"yiv2326275137ydpd06d0373MsoNormal\"><b><span lang=\"ES-TRAD\">4\u00ba\u00a0<\/span><\/b><span lang=\"ES-TRAD\"><strong>LINDA PERETZ<\/strong><br \/>\nCasa del Teatro de Protecci\u00f3n Rec\u00edproca.<\/span><\/p>\n<p class=\"yiv2326275137ydpd06d0373MsoNormal\"><span lang=\"ES-TRAD\">\u00a0<\/span><\/p>\n<p class=\"yiv2326275137ydpd06d0373MsoNormal\"><b><u><span lang=\"ES-TRAD\">JUNTA FISCALIZADORA TITULARES<\/span><\/u><\/b><\/p>\n<p class=\"yiv2326275137ydpd06d0373MsoNormal\"><b><span lang=\"ES-TRAD\">1\u00ba<\/span><\/b><span lang=\"ES-TRAD\">\u00a0<strong>NATALIA GUTI\u00c9RREZ MARCO<\/strong><\/span><\/p>\n<p class=\"yiv2326275137ydpd06d0373MsoNormal\"><span lang=\"ES-TRAD\">Asociaci\u00f3n Mutual 12 de Enero\u00a0<\/span>Trabajadores\u00a0Pasteleros,\u00a0Confiteros, Pizzeros, Heladeros, Alfajoreros y Servicios R\u00e1pidos.<\/p>\n<p class=\"yiv2326275137ydpd06d0373MsoNormal\"><b><span lang=\"ES-TRAD\">2\u00ba<\/span><\/b><span lang=\"ES-TRAD\">\u00a0<strong>RUB\u00c9N ATILIO CALCAGNO<\/strong><\/span><\/p>\n<p class=\"yiv2326275137ydpd06d0373MsoNormal\"><span lang=\"ES-TRAD\">Asociaci\u00f3n Mutual del Personal de Comunicaciones.\u00a0\u00a0\u00a0\u00a0\u00a0\u00a0\u00a0\u00a0\u00a0<b><\/b><\/span><\/p>\n<p class=\"yiv2326275137ydpd06d0373MsoNormal\"><b><span lang=\"ES-TRAD\">3\u00ba\u00a0<\/span><\/b><strong><span lang=\"ES-TRAD\">RUB\u00c9N DEL GROSSO<\/span><\/strong><\/p>\n<p class=\"yiv2326275137ydpd06d0373MsoNormal\"><span lang=\"ES-TRAD\">Mutual L\u00edder de la Previsi\u00f3n Social.<\/span><\/p>\n<p class=\"yiv2326275137ydpd06d0373MsoNormal\"><span lang=\"ES-TRAD\">\u00a0<\/span><\/p>\n<p class=\"yiv2326275137ydpd06d0373MsoNormal\"><b><u><span lang=\"ES-TRAD\">JUNTA FISCALIZADORA SUPLENTES<\/span><\/u><\/b><\/p>\n<p class=\"yiv2326275137ydpd06d0373MsoNormal\"><b><span lang=\"ES-TRAD\">1\u00ba<\/span><\/b><span lang=\"ES-TRAD\">\u00a0<\/span><strong><span lang=\"ES-TRAD\">SEBASTI\u00c1N PABLO ZABULANES<\/span><\/strong><\/p>\n<p class=\"yiv2326275137ydpd06d0373MsoNormal\"><span lang=\"ES-TRAD\">Asociaci\u00f3n Mutual Sagrado Coraz\u00f3n.<\/span><\/p>\n<p class=\"yiv2326275137ydpd06d0373MsoNormal\"><b><span lang=\"ES-TRAD\">2\u00ba<\/span><\/b><strong><span lang=\"ES-TRAD\">\u00a0<\/span><span lang=\"ES-TRAD\">MARIO GRASSO<\/span><\/strong><\/p>\n<p class=\"yiv2326275137ydpd06d0373MsoNormal\"><span lang=\"ES-TRAD\">Asociaci\u00f3n Mutual de Profesionales del Hospital Italiano.<\/span><\/p>\n<p class=\"yiv2326275137ydpd06d0373MsoNormal\"><b><span lang=\"ES-TRAD\">3\u00ba\u00a0<\/span><\/b><strong><span lang=\"ES-TRAD\">ALEJANDRO LERTORA<\/span><\/strong><\/p>\n<p class=\"yiv2326275137ydpd06d0373MsoNormal\"><span lang=\"ES-TRAD\">AMUPRENA \u2013 Asociaci\u00f3n Mutual Personal Superior Prefectura Naval.<\/span><\/p>\n<p>&nbsp;<\/p>\n<p class=\"yiv2326275137ydpd06d0373MsoNormal\"><b><u><span lang=\"ES-TRAD\">CONSEJO CONSULTIVO TITULARES<\/span><\/u><\/b><\/p>\n<p class=\"yiv2326275137ydpd06d0373MsoNormal\"><b><span lang=\"ES-TRAD\">1\u00ba<\/span><\/b><span lang=\"ES-TRAD\">\u00a0<\/span><strong><span lang=\"ES-TRAD\">ALFREDO BUONOCORE\u00a0\u00a0\u00a0<\/span><\/strong><\/p>\n<p class=\"yiv2326275137ydpd06d0373MsoNormal\"><span lang=\"ES-TRAD\">Mutual Gas.<\/span><\/p>\n<p class=\"yiv2326275137ydpd06d0373MsoNormal\"><b><span lang=\"ES-TRAD\">2\u00ba<\/span><\/b><span lang=\"ES-TRAD\">\u00a0<strong>WALTER DELLA VOLPE<\/strong><\/span><\/p>\n<p class=\"yiv2326275137ydpd06d0373MsoNormal\"><span lang=\"ES-TRAD\">AMAT &#8211; Asociaci\u00f3n Mutual Amarilla de Trabajadores.<\/span><\/p>\n<p class=\"yiv2326275137ydpd06d0373MsoNormal\"><b><span lang=\"ES-TRAD\">3\u00ba<\/span><\/b><span lang=\"ES-TRAD\">\u00a0<strong>EDUARDO VALORI<\/strong><\/span><\/p>\n<p class=\"yiv2326275137ydpd06d0373MsoNormal\"><span lang=\"ES-TRAD\">Asociaci\u00f3n de Empleados del Banco de la Ciudad de Buenos Aires.<\/span><\/p>\n<p class=\"yiv2326275137ydpd06d0373MsoNormal\"><b><span lang=\"ES-TRAD\">4\u00ba<\/span><\/b><span lang=\"ES-TRAD\">\u00a0<\/span><span lang=\"ES-TRAD\">ALFREDO DARRIGRAN<\/span><\/p>\n<p class=\"yiv2326275137ydpd06d0373MsoNormal\"><span lang=\"ES-TRAD\">Asociaci\u00f3n Mutual del Centro de Comisarios Navales.<\/span><\/p>\n<p class=\"yiv2326275137ydpd06d0373MsoNormal\"><strong><span lang=\"ES-TRAD\">5\u00ba\u00a0<\/span><span lang=\"ES-TRAD\">PATRICIA NOEM\u00cd ESCOBAR<\/span><\/strong><\/p>\n<p class=\"yiv2326275137ydpd06d0373MsoNormal\"><span lang=\"ES-TRAD\">Asociaci\u00f3n Mutual 12 de Enero\u00a0<\/span>Trabajadores\u00a0Pasteleros,\u00a0Confiteros, Pizzeros, Heladeros, Alfajoreros y Servicios R\u00e1pidos.<\/p>\n<p>&nbsp;<\/p>\n<p class=\"yiv2326275137ydpd06d0373MsoNormal\"><b><u><span lang=\"ES-TRAD\">CONSEJO CONSULTIVO SUPLENTES<\/span><\/u><\/b><\/p>\n<p class=\"yiv2326275137ydpd06d0373MsoNormal\"><b><span lang=\"ES-TRAD\">1\u00ba\u00a0<\/span><\/b><strong><span lang=\"ES-TRAD\">CHRISTIAN RODRIGO PEREZ BERMEGUI<\/span><\/strong><\/p>\n<p class=\"yiv2326275137ydpd06d0373MsoNormal\"><span lang=\"ES-TRAD\">Asociaci\u00f3n Mutual Deportes de Contacto, Artes Marciales y Afines de la Rep\u00fablica Argentina.<\/span><\/p>\n<p class=\"yiv2326275137ydpd06d0373MsoNormal\"><b><span lang=\"ES\">2\u00ba\u00a0<\/span><\/b><strong><span lang=\"ES\">JORGE CAIMI<\/span><\/strong><\/p>\n<p class=\"yiv2326275137ydpd06d0373MsoNormal\">AMEPORT &#8211;\u00a0Mutual del Personal del Estado Nacional,\u00a0Provincial,\u00a0Municipal y Afines.<\/p>\n<p class=\"yiv2326275137ydpd06d0373MsoNormal\"><b><span lang=\"ES-TRAD\">3\u00ba\u00a0<\/span><\/b><strong><span lang=\"ES-TRAD\">ALEJANDRA ANGELA CAVALIERI<\/span><\/strong><\/p>\n<p class=\"yiv2326275137ydpd06d0373MsoNormal\"><span lang=\"ES-TRAD\">Asociaci\u00f3n Mutual del Personal Superior de Empresas de Energ\u00eda.<\/span><\/p>\n<p>&nbsp;<\/p>\n","protected":false},"excerpt":{"rendered":"<p>CONSEJO DIRECTIVO PRESIDENTE:\u00a0HUGO H\u00c9CTOR BOZZINI Asociaci\u00f3n Mutual de Protecci\u00f3n Familiar. \u00a0 VICEPRESIDENTE:\u00a0RICARDO OSVALDO LORENZO AMEPORT &#8211;\u00a0Mutual del Personal del Estado Nacional,\u00a0Provincial,\u00a0Municipal y Afines. \u00a0 SECRETARIA:\u00a0CLARA AVALOS FOCOMFA &#8211;\u00a0Mutualidad\u00a0del Fondo Compensador para Jubilaciones y Pensiones del Personal Civil de la Fuerza A\u00e9rea. \u00a0 PROSECRETARIO:\u00a0GUILLERMO FERNANDO POTENZA Asociaci\u00f3n de Empleados de la Administraci\u00f3n Nacional de Aduanas, de [&hellip;]<\/p>\n","protected":false},"author":1,"featured_media":0,"parent":5,"menu_order":0,"comment_status":"open","ping_status":"open","template":"","meta":[],"_links":{"self":[{"href":"https:\/\/fedemba.org.ar\/web\/wp-json\/wp\/v2\/pages\/7"}],"collection":[{"href":"https:\/\/fedemba.org.ar\/web\/wp-json\/wp\/v2\/pages"}],"about":[{"href":"https:\/\/fedemba.org.ar\/web\/wp-json\/wp\/v2\/types\/page"}],"author":[{"embeddable":true,"href":"https:\/\/fedemba.org.ar\/web\/wp-json\/wp\/v2\/users\/1"}],"replies":[{"embeddable":true,"href":"https:\/\/fedemba.org.ar\/web\/wp-json\/wp\/v2\/comments?post=7"}],"version-history":[{"count":13,"href":"https:\/\/fedemba.org.ar\/web\/wp-json\/wp\/v2\/pages\/7\/revisions"}],"predecessor-version":[{"id":2755,"href":"https:\/\/fedemba.org.ar\/web\/wp-json\/wp\/v2\/pages\/7\/revisions\/2755"}],"up":[{"embeddable":true,"href":"https:\/\/fedemba.org.ar\/web\/wp-json\/wp\/v2\/pages\/5"}],"wp:attachment":[{"href":"https:\/\/fedemba.org.ar\/web\/wp-json\/wp\/v2\/media?parent=7"}],"curies":[{"name":"wp","href":"https:\/\/api.w.org\/{rel}","templated":true}]}}